{"id":55,"date":"2013-04-18T15:42:55","date_gmt":"2013-04-18T13:42:55","guid":{"rendered":"http:\/\/www.altaix.com\/?page_id=55"},"modified":"2023-09-26T11:43:23","modified_gmt":"2023-09-26T09:43:23","slug":"mercados","status":"publish","type":"page","link":"https:\/\/www.altaix.com\/es\/mercados\/","title":{"rendered":"Mercados"},"content":{"rendered":"\t\t<div data-elementor-type=\"wp-page\" data-elementor-id=\"55\" class=\"elementor elementor-55\" data-elementor-post-type=\"page\">\n\t\t\t\t\t\t<section class=\"elementor-section elementor-top-section elementor-element elementor-element-1fa17f4 elementor-section-boxed elementor-section-height-default elementor-section-height-default\" data-id=\"1fa17f4\" data-element_type=\"section\">\n\t\t\t\t\t\t<div class=\"elementor-container elementor-column-gap-default\">\n\t\t\t\t\t<div class=\"elementor-column elementor-col-100 elementor-top-column elementor-element elementor-element-b5181e4\" data-id=\"b5181e4\" data-element_type=\"column\">\n\t\t\t<div class=\"elementor-widget-wrap elementor-element-populated\">\n\t\t\t\t\t\t\t<\/div>\n\t\t<\/div>\n\t\t\t\t\t<\/div>\n\t\t<\/section>\n\t\t\t\t<section class=\"elementor-section elementor-top-section elementor-element elementor-element-7a2f0ca elementor-section-boxed elementor-section-height-default elementor-section-height-default\" data-id=\"7a2f0ca\" data-element_type=\"section\">\n\t\t\t\t\t\t<div class=\"elementor-container elementor-column-gap-default\">\n\t\t\t\t\t<div class=\"elementor-column elementor-col-100 elementor-top-column elementor-element elementor-element-66956a2\" data-id=\"66956a2\" data-element_type=\"column\">\n\t\t\t<div class=\"elementor-widget-wrap elementor-element-populated\">\n\t\t\t\t\t\t<div class=\"elementor-element elementor-element-cf6e07d elementor-widget elementor-widget-heading\" data-id=\"cf6e07d\" data-element_type=\"widget\" data-widget_type=\"heading.default\">\n\t\t\t\t<div class=\"elementor-widget-container\">\n\t\t\t<style>\/*! elementor - v3.23.0 - 05-08-2024 *\/\n.elementor-heading-title{padding:0;margin:0;line-height:1}.elementor-widget-heading .elementor-heading-title[class*=elementor-size-]>a{color:inherit;font-size:inherit;line-height:inherit}.elementor-widget-heading .elementor-heading-title.elementor-size-small{font-size:15px}.elementor-widget-heading .elementor-heading-title.elementor-size-medium{font-size:19px}.elementor-widget-heading .elementor-heading-title.elementor-size-large{font-size:29px}.elementor-widget-heading .elementor-heading-title.elementor-size-xl{font-size:39px}.elementor-widget-heading .elementor-heading-title.elementor-size-xxl{font-size:59px}<\/style><h1 class=\"elementor-heading-title elementor-size-default\">Mercados<\/h1>\t\t<\/div>\n\t\t\t\t<\/div>\n\t\t\t\t<div class=\"elementor-element elementor-element-38dd54a elementor-widget-divider--view-line elementor-widget elementor-widget-divider\" data-id=\"38dd54a\" data-element_type=\"widget\" data-widget_type=\"divider.default\">\n\t\t\t\t<div class=\"elementor-widget-container\">\n\t\t\t<style>\/*! elementor - v3.23.0 - 05-08-2024 *\/\n.elementor-widget-divider{--divider-border-style:none;--divider-border-width:1px;--divider-color:#0c0d0e;--divider-icon-size:20px;--divider-element-spacing:10px;--divider-pattern-height:24px;--divider-pattern-size:20px;--divider-pattern-url:none;--divider-pattern-repeat:repeat-x}.elementor-widget-divider .elementor-divider{display:flex}.elementor-widget-divider .elementor-divider__text{font-size:15px;line-height:1;max-width:95%}.elementor-widget-divider .elementor-divider__element{margin:0 var(--divider-element-spacing);flex-shrink:0}.elementor-widget-divider .elementor-icon{font-size:var(--divider-icon-size)}.elementor-widget-divider .elementor-divider-separator{display:flex;margin:0;direction:ltr}.elementor-widget-divider--view-line_icon .elementor-divider-separator,.elementor-widget-divider--view-line_text .elementor-divider-separator{align-items:center}.elementor-widget-divider--view-line_icon .elementor-divider-separator:after,.elementor-widget-divider--view-line_icon .elementor-divider-separator:before,.elementor-widget-divider--view-line_text .elementor-divider-separator:after,.elementor-widget-divider--view-line_text .elementor-divider-separator:before{display:block;content:\"\";border-block-end:0;flex-grow:1;border-block-start:var(--divider-border-width) var(--divider-border-style) var(--divider-color)}.elementor-widget-divider--element-align-left .elementor-divider .elementor-divider-separator>.elementor-divider__svg:first-of-type{flex-grow:0;flex-shrink:100}.elementor-widget-divider--element-align-left .elementor-divider-separator:before{content:none}.elementor-widget-divider--element-align-left .elementor-divider__element{margin-left:0}.elementor-widget-divider--element-align-right .elementor-divider .elementor-divider-separator>.elementor-divider__svg:last-of-type{flex-grow:0;flex-shrink:100}.elementor-widget-divider--element-align-right .elementor-divider-separator:after{content:none}.elementor-widget-divider--element-align-right .elementor-divider__element{margin-right:0}.elementor-widget-divider--element-align-start .elementor-divider .elementor-divider-separator>.elementor-divider__svg:first-of-type{flex-grow:0;flex-shrink:100}.elementor-widget-divider--element-align-start .elementor-divider-separator:before{content:none}.elementor-widget-divider--element-align-start .elementor-divider__element{margin-inline-start:0}.elementor-widget-divider--element-align-end .elementor-divider .elementor-divider-separator>.elementor-divider__svg:last-of-type{flex-grow:0;flex-shrink:100}.elementor-widget-divider--element-align-end .elementor-divider-separator:after{content:none}.elementor-widget-divider--element-align-end .elementor-divider__element{margin-inline-end:0}.elementor-widget-divider:not(.elementor-widget-divider--view-line_text):not(.elementor-widget-divider--view-line_icon) .elementor-divider-separator{border-block-start:var(--divider-border-width) var(--divider-border-style) var(--divider-color)}.elementor-widget-divider--separator-type-pattern{--divider-border-style:none}.elementor-widget-divider--separator-type-pattern.elementor-widget-divider--view-line .elementor-divider-separator,.elementor-widget-divider--separator-type-pattern:not(.elementor-widget-divider--view-line) .elementor-divider-separator:after,.elementor-widget-divider--separator-type-pattern:not(.elementor-widget-divider--view-line) .elementor-divider-separator:before,.elementor-widget-divider--separator-type-pattern:not([class*=elementor-widget-divider--view]) .elementor-divider-separator{width:100%;min-height:var(--divider-pattern-height);-webkit-mask-size:var(--divider-pattern-size) 100%;mask-size:var(--divider-pattern-size) 100%;-webkit-mask-repeat:var(--divider-pattern-repeat);mask-repeat:var(--divider-pattern-repeat);background-color:var(--divider-color);-webkit-mask-image:var(--divider-pattern-url);mask-image:var(--divider-pattern-url)}.elementor-widget-divider--no-spacing{--divider-pattern-size:auto}.elementor-widget-divider--bg-round{--divider-pattern-repeat:round}.rtl .elementor-widget-divider .elementor-divider__text{direction:rtl}.e-con-inner>.elementor-widget-divider,.e-con>.elementor-widget-divider{width:var(--container-widget-width,100%);--flex-grow:var(--container-widget-flex-grow)}<\/style>\t\t<div class=\"elementor-divider\">\n\t\t\t<span class=\"elementor-divider-separator\">\n\t\t\t\t\t\t<\/span>\n\t\t<\/div>\n\t\t\t\t<\/div>\n\t\t\t\t<\/div>\n\t\t\t\t<div class=\"elementor-element elementor-element-05ccec1 elementor-widget elementor-widget-text-editor\" data-id=\"05ccec1\" data-element_type=\"widget\" data-widget_type=\"text-editor.default\">\n\t\t\t\t<div class=\"elementor-widget-container\">\n\t\t\t<style>\/*! elementor - v3.23.0 - 05-08-2024 *\/\n.elementor-widget-text-editor.elementor-drop-cap-view-stacked .elementor-drop-cap{background-color:#69727d;color:#fff}.elementor-widget-text-editor.elementor-drop-cap-view-framed .elementor-drop-cap{color:#69727d;border:3px solid;background-color:transparent}.elementor-widget-text-editor:not(.elementor-drop-cap-view-default) .elementor-drop-cap{margin-top:8px}.elementor-widget-text-editor:not(.elementor-drop-cap-view-default) .elementor-drop-cap-letter{width:1em;height:1em}.elementor-widget-text-editor .elementor-drop-cap{float:left;text-align:center;line-height:1;font-size:50px}.elementor-widget-text-editor .elementor-drop-cap-letter{display:inline-block}<\/style>\t\t\t\t<p><b>ALTAIX Electr\u00f3nica<\/b> despliega su actividad comercial principalmente en la Pen\u00ednsula Ib\u00e9rica aunque recientemente se ha incorporado tambi\u00e9n Sudam\u00e9rica para algunas representaciones.\n<\/p><p>\nNuestra cartera de clientes se concentra principalmente en los sectores <strong>Aeroespacial y Defensa, Telecomunicaci\u00f3n y Espacio<\/strong>, aunque mantenemos tambi\u00e9n una presencia importante aunque m\u00e1s espec\u00edfica en otros sectores industriales tales como: <b>Ferrov\u00eda, Seguridad y Automoci\u00f3n<\/b>.\n<\/p><p>\nNuestra amplia l\u00ednea de productos <b>RF y Microondas<\/b>, permite cubrir pr\u00e1cticamente cualquier necesidad de componentes, m\u00f3dulos o subsistemas dentro de los siguientes segmentos de mercado: Celular,\u00a0 TETRA, Microondas y Milim\u00e9tricas, Broadcast, CATV, Satcom, WLAN, WIMAX, Fibra \u00f3ptica, Instrumentaci\u00f3n,\u00a0 Aeroespacial y Defensa.\n<\/p><p>\nEn los mercados <b>Aeroespacial y Defensa<\/b> y otros tales como <b>Ferrov\u00eda, Automoci\u00f3n y \u00a0Electromedicina, <\/b>donde tambi\u00e9n se utilizan componentes con requerimientos de calidad muy exigentes, suministramos adem\u00e1s una gran variedad de dispositivos que no son de Radiofrecuencia, tales como cristales y osciladores, rel\u00e9s, componentes activos y pasivos, conectores, PCBs, materiales. Estos productos constituyen nuestra l\u00ednea de actividad de <b>componentes de Alta fiabilidad<\/b>.\n<\/p><p>\nPor \u00faltimo, suministramos diversos componentes y equipos para \u00a0aplicaciones espec\u00edficas\u00a0 tales como RFID, Equipos de Control y Automatizaci\u00f3n Industrial, Control Remoto, Equipos Meteorol\u00f3gicos, Fuentes de Alimentaci\u00f3n, etc.<\/p>\n\t\t\t\t\t\t<\/div>\n\t\t\t\t<\/div>\n\t\t\t\t<div class=\"elementor-element elementor-element-0a33ab3 elementor-widget elementor-widget-spacer\" data-id=\"0a33ab3\" data-element_type=\"widget\" data-widget_type=\"spacer.default\">\n\t\t\t\t<div class=\"elementor-widget-container\">\n\t\t\t<style>\/*! elementor - v3.23.0 - 05-08-2024 *\/\n.elementor-column .elementor-spacer-inner{height:var(--spacer-size)}.e-con{--container-widget-width:100%}.e-con-inner>.elementor-widget-spacer,.e-con>.elementor-widget-spacer{width:var(--container-widget-width,var(--spacer-size));--align-self:var(--container-widget-align-self,initial);--flex-shrink:0}.e-con-inner>.elementor-widget-spacer>.elementor-widget-container,.e-con>.elementor-widget-spacer>.elementor-widget-container{height:100%;width:100%}.e-con-inner>.elementor-widget-spacer>.elementor-widget-container>.elementor-spacer,.e-con>.elementor-widget-spacer>.elementor-widget-container>.elementor-spacer{height:100%}.e-con-inner>.elementor-widget-spacer>.elementor-widget-container>.elementor-spacer>.elementor-spacer-inner,.e-con>.elementor-widget-spacer>.elementor-widget-container>.elementor-spacer>.elementor-spacer-inner{height:var(--container-widget-height,var(--spacer-size))}.e-con-inner>.elementor-widget-spacer.elementor-widget-empty,.e-con>.elementor-widget-spacer.elementor-widget-empty{position:relative;min-height:22px;min-width:22px}.e-con-inner>.elementor-widget-spacer.elementor-widget-empty .elementor-widget-empty-icon,.e-con>.elementor-widget-spacer.elementor-widget-empty .elementor-widget-empty-icon{position:absolute;top:0;bottom:0;left:0;right:0;margin:auto;padding:0;width:22px;height:22px}<\/style>\t\t<div class=\"elementor-spacer\">\n\t\t\t<div class=\"elementor-spacer-inner\"><\/div>\n\t\t<\/div>\n\t\t\t\t<\/div>\n\t\t\t\t<\/div>\n\t\t\t\t<div class=\"elementor-element elementor-element-c387ea4 elementor-widget elementor-widget-heading\" data-id=\"c387ea4\" data-element_type=\"widget\" data-widget_type=\"heading.default\">\n\t\t\t\t<div class=\"elementor-widget-container\">\n\t\t\t<h2 class=\"elementor-heading-title elementor-size-large\">Mercados de los productos<\/h2>\t\t<\/div>\n\t\t\t\t<\/div>\n\t\t\t\t<div class=\"elementor-element elementor-element-b90dfee elementor-widget elementor-widget-text-editor\" data-id=\"b90dfee\" data-element_type=\"widget\" data-widget_type=\"text-editor.default\">\n\t\t\t\t<div class=\"elementor-widget-container\">\n\t\t\t\t\t\t\t<p>Selecciona el mercado deseado para mostrar los fabricantes asociados.<\/p>\t\t\t\t\t\t<\/div>\n\t\t\t\t<\/div>\n\t\t\t\t<div class=\"elementor-element elementor-element-f429505 elementor-widget elementor-widget-shortcode\" data-id=\"f429505\" data-element_type=\"widget\" data-widget_type=\"shortcode.default\">\n\t\t\t\t<div class=\"elementor-widget-container\">\n\t\t\t\t\t<div class=\"elementor-shortcode\"><section id=\"list-familias\"><a href=\"https:\/\/www.altaix.com\/es\/mercados\/defensa\/\"><article><img decoding=\"async\" src=\"https:\/\/www.altaix.com\/wp-content\/uploads\/2014\/03\/AEROESPACIAL.jpg\" \/><p>Aeroespacial y Defensa<\/p><\/article><\/a><a href=\"https:\/\/www.altaix.com\/es\/mercados\/otras-aplic-inalambricas-icm\/\"><article><img fetchpriority=\"high\" width=\"365\" height=\"165\" src=\"https:\/\/www.altaix.com\/wp-content\/uploads\/2014\/03\/ICM.jpg\" class=\"attachment-full size-full\" alt=\"ICM\" decoding=\"async\" srcset=\"https:\/\/www.altaix.com\/wp-content\/uploads\/2014\/03\/ICM.jpg 365w, https:\/\/www.altaix.com\/wp-content\/uploads\/2014\/03\/ICM-300x135.jpg 300w\" sizes=\"(max-width: 365px) 100vw, 365px\" \/><p>Aplicaciones Inal\u00e1mbricas ICM<\/p><\/article><\/a><a href=\"https:\/\/www.altaix.com\/es\/mercados\/comunicaciones-inalambricas\/\"><article><img width=\"363\" height=\"165\" src=\"https:\/\/www.altaix.com\/wp-content\/uploads\/2013\/06\/INDUSTRIAL_356x165.jpg\" class=\"attachment-full size-full\" alt=\"\" decoding=\"async\" srcset=\"https:\/\/www.altaix.com\/wp-content\/uploads\/2013\/06\/INDUSTRIAL_356x165.jpg 363w, https:\/\/www.altaix.com\/wp-content\/uploads\/2013\/06\/INDUSTRIAL_356x165-300x136.jpg 300w\" sizes=\"(max-width: 363px) 100vw, 363px\" \/><p>Comunicaciones Inal\u00e1mbricas<\/p><\/article><\/a><a href=\"https:\/\/www.altaix.com\/es\/mercados\/espacio\/\"><article><img width=\"365\" height=\"165\" src=\"https:\/\/www.altaix.com\/wp-content\/uploads\/2014\/03\/ESPACIO.jpg\" class=\"attachment-full size-full\" alt=\"ESPACIO\" decoding=\"async\" srcset=\"https:\/\/www.altaix.com\/wp-content\/uploads\/2014\/03\/ESPACIO.jpg 365w, https:\/\/www.altaix.com\/wp-content\/uploads\/2014\/03\/ESPACIO-300x135.jpg 300w\" sizes=\"(max-width: 365px) 100vw, 365px\" \/><p>Espacio - Segmento de Vuelo<\/p><\/article><\/a><a href=\"https:\/\/www.altaix.com\/es\/mercados\/comercial\/\"><article><img loading=\"lazy\" width=\"365\" height=\"165\" src=\"https:\/\/www.altaix.com\/wp-content\/uploads\/2014\/03\/OTROS.jpg\" class=\"attachment-full size-full\" alt=\"OTROS\" decoding=\"async\" srcset=\"https:\/\/www.altaix.com\/wp-content\/uploads\/2014\/03\/OTROS.jpg 365w, https:\/\/www.altaix.com\/wp-content\/uploads\/2014\/03\/OTROS-300x135.jpg 300w\" sizes=\"(max-width: 365px) 100vw, 365px\" \/><p>Otros Mercados<\/p><\/article><\/a><a href=\"https:\/\/www.altaix.com\/es\/mercados\/redes-de-datos-y-fibra-optica\/\"><article><img loading=\"lazy\" width=\"365\" height=\"165\" src=\"https:\/\/www.altaix.com\/wp-content\/uploads\/2014\/03\/REDES.jpg\" class=\"attachment-full size-full\" alt=\"REDES\" decoding=\"async\" srcset=\"https:\/\/www.altaix.com\/wp-content\/uploads\/2014\/03\/REDES.jpg 365w, https:\/\/www.altaix.com\/wp-content\/uploads\/2014\/03\/REDES-300x135.jpg 300w\" sizes=\"(max-width: 365px) 100vw, 365px\" \/><p>Redes de datos y Fibra \u00d3ptica<\/p><\/article><\/a><a href=\"https:\/\/www.altaix.com\/es\/mercados\/transporte-y-trafico\/\"><article><img loading=\"lazy\" width=\"365\" height=\"165\" src=\"https:\/\/www.altaix.com\/wp-content\/uploads\/2014\/03\/TRANSPORTE.jpg\" class=\"attachment-full size-full\" alt=\"TRANSPORTE\" decoding=\"async\" srcset=\"https:\/\/www.altaix.com\/wp-content\/uploads\/2014\/03\/TRANSPORTE.jpg 365w, https:\/\/www.altaix.com\/wp-content\/uploads\/2014\/03\/TRANSPORTE-300x135.jpg 300w\" sizes=\"(max-width: 365px) 100vw, 365px\" \/><p>Transporte y Tr\u00e1fico<\/p><\/article><\/a><\/section><\/div>\n\t\t\t\t<\/div>\n\t\t\t\t<\/div>\n\t\t\t\t\t<\/div>\n\t\t<\/div>\n\t\t\t\t\t<\/div>\n\t\t<\/section>\n\t\t\t\t<\/div>\n\t\t","protected":false},"excerpt":{"rendered":"<p>Mercados ALTAIX Electr\u00f3nica despliega su actividad comercial principalmente en la Pen\u00ednsula Ib\u00e9rica aunque recientemente se ha incorporado tambi\u00e9n Sudam\u00e9rica para algunas representaciones. Nuestra cartera de clientes se concentra principalmente en los sectores Aeroespacial y Defensa, Telecomunicaci\u00f3n y Espacio, aunque mantenemos tambi\u00e9n una presencia importante aunque m\u00e1s espec\u00edfica en otros sectores industriales tales como: Ferrov\u00eda, Seguridad [&hellip;]<\/p>\n","protected":false},"author":5,"featured_media":0,"parent":0,"menu_order":0,"comment_status":"closed","ping_status":"closed","template":"","meta":{"rank_math_lock_modified_date":false,"footnotes":""},"_links":{"self":[{"href":"https:\/\/www.altaix.com\/es\/wp-json\/wp\/v2\/pages\/55"}],"collection":[{"href":"https:\/\/www.altaix.com\/es\/wp-json\/wp\/v2\/pages"}],"about":[{"href":"https:\/\/www.altaix.com\/es\/wp-json\/wp\/v2\/types\/page"}],"author":[{"embeddable":true,"href":"https:\/\/www.altaix.com\/es\/wp-json\/wp\/v2\/users\/5"}],"replies":[{"embeddable":true,"href":"https:\/\/www.altaix.com\/es\/wp-json\/wp\/v2\/comments?post=55"}],"version-history":[{"count":65,"href":"https:\/\/www.altaix.com\/es\/wp-json\/wp\/v2\/pages\/55\/revisions"}],"predecessor-version":[{"id":3469,"href":"https:\/\/www.altaix.com\/es\/wp-json\/wp\/v2\/pages\/55\/revisions\/3469"}],"wp:attachment":[{"href":"https:\/\/www.altaix.com\/es\/wp-json\/wp\/v2\/media?parent=55"}],"curies":[{"name":"wp","href":"https:\/\/api.w.org\/{rel}","templated":true}]}}