{"id":87,"date":"2013-04-19T09:35:53","date_gmt":"2013-04-19T09:35:53","guid":{"rendered":"http:\/\/www.altaix.com\/?page_id=87"},"modified":"2019-07-16T08:12:13","modified_gmt":"2019-07-16T06:12:13","slug":"donde-estamos","status":"publish","type":"page","link":"https:\/\/www.altaix.com\/es\/la-empresa\/donde-estamos\/","title":{"rendered":"D\u00f3nde Estamos"},"content":{"rendered":"<p>[one_half]<\/p>\n<p><iframe src=\"https:\/\/maps.google.com\/maps?f=q&amp;source=s_q&amp;hl=es&amp;geocode=&amp;q=altaix&amp;aq=&amp;sll=40.499522,-3.872321&amp;sspn=0.012662,0.027874&amp;t=m&amp;ie=UTF8&amp;hq=altaix&amp;hnear=&amp;ll=40.503129,-3.872423&amp;spn=0.016316,0.034332&amp;z=15&amp;iwloc=A&amp;output=embed\" height=\"500\" width=\"100%\" frameborder=\"0\" marginwidth=\"0\" marginheight=\"0\" scrolling=\"no\"><\/iframe><\/p>\n<p>[\/one_half]<\/p>\n<p>[one_half_last]<\/p>\n<p>[icon type=\u00bbglobe\u00bb color=\u00bblight\u00bb bgcolor=\u00bb#6e99b9&#8243;] [h1]ALTAIX ELECTRONICA[\/h1]<\/p>\n<p><b>Edificio PRISMA<\/b><\/p>\n<p>C\/ C\u00f3lquide 6, Portal 2, 3\u00baB<\/p>\n<p>28231, Las Rozas, Madrid.<\/p>\n<p><b>Telf.<\/b> +34 91 636 3939<\/p>\n<p><b>Fax.<\/b> +34 91 636 3909<\/p>\n<p>info@altaix.com<\/p>\n<p>[\/icon]<\/p>\n<p>[toggle title=\u00bbC\u00f3mo llegar \u00ab]<a title=\"Mapa\" href=\"http:\/\/www.altaix.com\/wp-content\/uploads\/2013\/12\/mapa.jpg\" target=\"_blank\">Mapa de c\u00f3mo llegar a nuestra oficina<\/a>[\/toggle]<\/p>\n<p>[toggle title=\u00bbCoordenadas geogr\u00e1ficas\u00bb]40.4998259, -3.8751538[\/toggle]<\/p>\n<p>[note]<\/p>\n<blockquote><p><em>Estamos al lado de la <strong>carretera de la Coru\u00f1a<\/strong> a la altura del <strong>Km. 20<\/strong> y pr\u00f3ximos a la estaci\u00f3n de <strong>cercan\u00edas de Las Rozas<\/strong><\/em>.<\/p><\/blockquote>\n<p>[\/note]<\/p>\n<p>[\/one_half_last]<\/p>","protected":false},"excerpt":{"rendered":"<p>[one_half] [\/one_half] [one_half_last] [icon type=\u00bbglobe\u00bb color=\u00bblight\u00bb bgcolor=\u00bb#6e99b9&#8243;] [h1]ALTAIX ELECTRONICA[\/h1] Edificio PRISMA C\/ C\u00f3lquide 6, Portal 2, 3\u00baB 28231, Las Rozas, Madrid. Telf. +34 91 636 3939 Fax. +34 91 636 3909 info@altaix.com [\/icon] [toggle title=\u00bbC\u00f3mo llegar \u00ab]Mapa de c\u00f3mo llegar a nuestra oficina[\/toggle] [toggle title=\u00bbCoordenadas geogr\u00e1ficas\u00bb]40.4998259, -3.8751538[\/toggle] [note] Estamos al lado de la carretera de [&hellip;]<\/p>\n","protected":false},"author":5,"featured_media":0,"parent":2,"menu_order":0,"comment_status":"closed","ping_status":"open","template":"","meta":{"rank_math_lock_modified_date":false,"footnotes":""},"_links":{"self":[{"href":"https:\/\/www.altaix.com\/es\/wp-json\/wp\/v2\/pages\/87"}],"collection":[{"href":"https:\/\/www.altaix.com\/es\/wp-json\/wp\/v2\/pages"}],"about":[{"href":"https:\/\/www.altaix.com\/es\/wp-json\/wp\/v2\/types\/page"}],"author":[{"embeddable":true,"href":"https:\/\/www.altaix.com\/es\/wp-json\/wp\/v2\/users\/5"}],"replies":[{"embeddable":true,"href":"https:\/\/www.altaix.com\/es\/wp-json\/wp\/v2\/comments?post=87"}],"version-history":[{"count":26,"href":"https:\/\/www.altaix.com\/es\/wp-json\/wp\/v2\/pages\/87\/revisions"}],"predecessor-version":[{"id":90,"href":"https:\/\/www.altaix.com\/es\/wp-json\/wp\/v2\/pages\/87\/revisions\/90"}],"up":[{"embeddable":true,"href":"https:\/\/www.altaix.com\/es\/wp-json\/wp\/v2\/pages\/2"}],"wp:attachment":[{"href":"https:\/\/www.altaix.com\/es\/wp-json\/wp\/v2\/media?parent=87"}],"curies":[{"name":"wp","href":"https:\/\/api.w.org\/{rel}","templated":true}]}}